{"id":801,"date":"2024-03-18T18:11:20","date_gmt":"2024-03-18T18:11:20","guid":{"rendered":"https:\/\/maxairrigation.ca\/?page_id=801"},"modified":"2026-03-18T18:35:14","modified_gmt":"2026-03-18T18:35:14","slug":"eclairage-exterieur-residence-laurentides","status":"publish","type":"page","link":"https:\/\/maxairrigation.ca\/en\/eclairage-exterieur-residence-laurentides\/","title":{"rendered":"eclairage-exterieur-residence-laurentides"},"content":{"rendered":"\t\t<div data-elementor-type=\"wp-page\" data-elementor-id=\"801\" class=\"elementor elementor-801\">\n\t\t\t\t\t\t<section class=\"elementor-section elementor-top-section elementor-element elementor-element-02523a0 elementor-section-height-min-height elementor-section-boxed elementor-section-height-default elementor-section-items-middle\" data-id=\"02523a0\" data-element_type=\"section\" data-e-type=\"section\" data-settings=\"{&quot;background_background&quot;:&quot;slideshow&quot;,&quot;background_slideshow_gallery&quot;:[{&quot;id&quot;:815,&quot;url&quot;:&quot;https:\\\/\\\/maxairrigation.ca\\\/wp-content\\\/uploads\\\/2024\\\/03\\\/backgr-ECLAIRAGE.jpg&quot;}],&quot;background_slideshow_loop&quot;:&quot;yes&quot;,&quot;background_slideshow_slide_duration&quot;:5000,&quot;background_slideshow_slide_transition&quot;:&quot;fade&quot;,&quot;background_slideshow_transition_duration&quot;:500}\">\n\t\t\t\t\t\t\t<div class=\"elementor-background-overlay\"><\/div>\n\t\t\t\t\t\t\t<div class=\"elementor-container elementor-column-gap-default\">\n\t\t\t\t\t<div class=\"elementor-column elementor-col-100 elementor-top-column elementor-element elementor-element-2e22615\" data-id=\"2e22615\" data-element_type=\"column\" data-e-type=\"column\">\n\t\t\t<div class=\"elementor-widget-wrap elementor-element-populated\">\n\t\t\t\t\t\t<div class=\"elementor-element elementor-element-361ad90 elementor-widget elementor-widget-heading\" data-id=\"361ad90\" data-element_type=\"widget\" data-e-type=\"widget\" data-widget_type=\"heading.default\">\n\t\t\t\t<div class=\"elementor-widget-container\">\n\t\t\t\t\t<h2 class=\"elementor-heading-title elementor-size-default\">\u00c9clairage d'ext\u00e9rieur<\/h2>\t\t\t\t<\/div>\n\t\t\t\t<\/div>\n\t\t\t\t\t<\/div>\n\t\t<\/div>\n\t\t\t\t\t<\/div>\n\t\t<\/section>\n\t\t<div class=\"elementor-element elementor-element-3c7a0eb e-con-full e-flex e-con e-parent\" data-id=\"3c7a0eb\" data-element_type=\"container\" data-e-type=\"container\" data-settings=\"{&quot;background_background&quot;:&quot;classic&quot;}\">\n\t\t<div class=\"elementor-element elementor-element-7048e17 e-flex e-con-boxed e-con e-child\" data-id=\"7048e17\" data-element_type=\"container\" data-e-type=\"container\" data-settings=\"{&quot;background_background&quot;:&quot;classic&quot;}\">\n\t\t\t\t\t<div class=\"e-con-inner\">\n\t\t\t\t<div class=\"elementor-element elementor-element-1310111 elementor-widget elementor-widget-spacer\" data-id=\"1310111\" data-element_type=\"widget\" data-e-type=\"widget\" data-widget_type=\"spacer.default\">\n\t\t\t\t<div class=\"elementor-widget-container\">\n\t\t\t\t\t\t\t<div class=\"elementor-spacer\">\n\t\t\t<div class=\"elementor-spacer-inner\"><\/div>\n\t\t<\/div>\n\t\t\t\t\t\t<\/div>\n\t\t\t\t<\/div>\n\t\t\t\t<div class=\"elementor-element elementor-element-f3d673a elementor-widget elementor-widget-heading\" data-id=\"f3d673a\" data-element_type=\"widget\" data-e-type=\"widget\" data-settings=\"{&quot;_animation&quot;:&quot;none&quot;}\" data-widget_type=\"heading.default\">\n\t\t\t\t<div class=\"elementor-widget-container\">\n\t\t\t\t\t<h3 class=\"elementor-heading-title elementor-size-default\">Maxa irrigation saura vous conseiller pour votre \u00e9clairage ext\u00e9rieur afin de rehausser votre propri\u00e9t\u00e9, une solution pour donner une ambiance incroyable !<\/h3>\t\t\t\t<\/div>\n\t\t\t\t<\/div>\n\t\t\t\t<div class=\"elementor-element elementor-element-dc12036 elementor-widget elementor-widget-spacer\" data-id=\"dc12036\" data-element_type=\"widget\" data-e-type=\"widget\" data-widget_type=\"spacer.default\">\n\t\t\t\t<div class=\"elementor-widget-container\">\n\t\t\t\t\t\t\t<div class=\"elementor-spacer\">\n\t\t\t<div class=\"elementor-spacer-inner\"><\/div>\n\t\t<\/div>\n\t\t\t\t\t\t<\/div>\n\t\t\t\t<\/div>\n\t\t\t\t\t<\/div>\n\t\t\t\t<\/div>\n\t\t\t\t<\/div>\n\t\t<div class=\"elementor-element elementor-element-ce1fe83 e-con-full e-flex e-con e-parent\" data-id=\"ce1fe83\" data-element_type=\"container\" data-e-type=\"container\" data-settings=\"{&quot;background_background&quot;:&quot;classic&quot;}\">\n\t\t<div class=\"elementor-element elementor-element-b4251cb e-con-full e-flex e-con e-child\" data-id=\"b4251cb\" data-element_type=\"container\" data-e-type=\"container\">\n\t\t\t\t<div class=\"elementor-element elementor-element-0faaf0e elementor-widget elementor-widget-image\" data-id=\"0faaf0e\" data-element_type=\"widget\" data-e-type=\"widget\" data-widget_type=\"image.default\">\n\t\t\t\t<div class=\"elementor-widget-container\">\n\t\t\t\t\t\t\t\t\t\t\t\t\t\t\t<img fetchpriority=\"high\" decoding=\"async\" width=\"802\" height=\"528\" src=\"https:\/\/maxairrigation.ca\/wp-content\/uploads\/2024\/03\/eclairage-01.jpg\" class=\"attachment-large size-large wp-image-828\" alt=\"Maxa-irrigation-eclairage-DRAIN-FRANCAIS-Laurentides\" srcset=\"https:\/\/maxairrigation.ca\/wp-content\/uploads\/2024\/03\/eclairage-01.jpg 802w, https:\/\/maxairrigation.ca\/wp-content\/uploads\/2024\/03\/eclairage-01-300x198.jpg 300w, https:\/\/maxairrigation.ca\/wp-content\/uploads\/2024\/03\/eclairage-01-768x506.jpg 768w, https:\/\/maxairrigation.ca\/wp-content\/uploads\/2024\/03\/eclairage-01-18x12.jpg 18w\" sizes=\"(max-width: 802px) 100vw, 802px\" \/>\t\t\t\t\t\t\t\t\t\t\t\t\t\t\t<\/div>\n\t\t\t\t<\/div>\n\t\t\t\t<\/div>\n\t\t<div class=\"elementor-element elementor-element-1a85011 e-con-full e-flex e-con e-child\" data-id=\"1a85011\" data-element_type=\"container\" data-e-type=\"container\">\n\t\t\t\t<div class=\"elementor-element elementor-element-dbb56f2 elementor-widget elementor-widget-image\" data-id=\"dbb56f2\" data-element_type=\"widget\" data-e-type=\"widget\" data-widget_type=\"image.default\">\n\t\t\t\t<div class=\"elementor-widget-container\">\n\t\t\t\t\t\t\t\t\t\t\t\t\t\t\t<img decoding=\"async\" width=\"802\" height=\"528\" src=\"https:\/\/maxairrigation.ca\/wp-content\/uploads\/2024\/03\/eclairage-02.jpg\" class=\"attachment-large size-large wp-image-829\" alt=\"Maxa-irrigation-eclairage-DRAIN-FRANCAIS-Laurentides\" srcset=\"https:\/\/maxairrigation.ca\/wp-content\/uploads\/2024\/03\/eclairage-02.jpg 802w, https:\/\/maxairrigation.ca\/wp-content\/uploads\/2024\/03\/eclairage-02-300x198.jpg 300w, https:\/\/maxairrigation.ca\/wp-content\/uploads\/2024\/03\/eclairage-02-768x506.jpg 768w, https:\/\/maxairrigation.ca\/wp-content\/uploads\/2024\/03\/eclairage-02-18x12.jpg 18w\" sizes=\"(max-width: 802px) 100vw, 802px\" \/>\t\t\t\t\t\t\t\t\t\t\t\t\t\t\t<\/div>\n\t\t\t\t<\/div>\n\t\t\t\t<div class=\"elementor-element elementor-element-c15476e elementor-invisible elementor-widget elementor-widget-text-editor\" data-id=\"c15476e\" data-element_type=\"widget\" data-e-type=\"widget\" data-settings=\"{&quot;_animation&quot;:&quot;zoomIn&quot;}\" data-widget_type=\"text-editor.default\">\n\t\t\t\t<div class=\"elementor-widget-container\">\n\t\t\t\t\t\t\t\t\t<h3>Installation d&rsquo;\u00e9clairage d&rsquo;ambiance<\/h3>\t\t\t\t\t\t\t\t<\/div>\n\t\t\t\t<\/div>\n\t\t\t\t<\/div>\n\t\t<div class=\"elementor-element elementor-element-40092e4 e-con-full e-flex e-con e-child\" data-id=\"40092e4\" data-element_type=\"container\" data-e-type=\"container\">\n\t\t\t\t<div class=\"elementor-element elementor-element-dc07eb8 elementor-widget elementor-widget-image\" data-id=\"dc07eb8\" data-element_type=\"widget\" data-e-type=\"widget\" data-widget_type=\"image.default\">\n\t\t\t\t<div class=\"elementor-widget-container\">\n\t\t\t\t\t\t\t\t\t\t\t\t\t\t\t<img decoding=\"async\" width=\"802\" height=\"528\" src=\"https:\/\/maxairrigation.ca\/wp-content\/uploads\/2024\/03\/eclairage-03.jpg\" class=\"attachment-large size-large wp-image-835\" alt=\"Maxa-irrigation-eclairage-DRAIN-FRANCAIS-Laurentides\" srcset=\"https:\/\/maxairrigation.ca\/wp-content\/uploads\/2024\/03\/eclairage-03.jpg 802w, https:\/\/maxairrigation.ca\/wp-content\/uploads\/2024\/03\/eclairage-03-300x198.jpg 300w, https:\/\/maxairrigation.ca\/wp-content\/uploads\/2024\/03\/eclairage-03-768x506.jpg 768w, https:\/\/maxairrigation.ca\/wp-content\/uploads\/2024\/03\/eclairage-03-18x12.jpg 18w\" sizes=\"(max-width: 802px) 100vw, 802px\" \/>\t\t\t\t\t\t\t\t\t\t\t\t\t\t\t<\/div>\n\t\t\t\t<\/div>\n\t\t\t\t<\/div>\n\t\t\t\t<\/div>\n\t\t\t\t<section class=\"elementor-section elementor-top-section elementor-element elementor-element-542e43e elementor-section-boxed elementor-section-height-default elementor-section-height-default\" data-id=\"542e43e\" data-element_type=\"section\" data-e-type=\"section\" data-settings=\"{&quot;background_background&quot;:&quot;classic&quot;}\">\n\t\t\t\t\t\t<div class=\"elementor-container elementor-column-gap-default\">\n\t\t\t\t\t<div class=\"elementor-column elementor-col-100 elementor-top-column elementor-element elementor-element-22c5ba1\" data-id=\"22c5ba1\" data-element_type=\"column\" data-e-type=\"column\">\n\t\t\t<div class=\"elementor-widget-wrap elementor-element-populated\">\n\t\t\t\t\t\t<section class=\"elementor-section elementor-inner-section elementor-element elementor-element-33e7508 elementor-section-boxed elementor-section-height-default elementor-section-height-default\" data-id=\"33e7508\" data-element_type=\"section\" data-e-type=\"section\">\n\t\t\t\t\t\t<div class=\"elementor-container elementor-column-gap-default\">\n\t\t\t\t\t<div class=\"elementor-column elementor-col-100 elementor-inner-column elementor-element elementor-element-0cd3c63\" data-id=\"0cd3c63\" data-element_type=\"column\" data-e-type=\"column\">\n\t\t\t<div class=\"elementor-widget-wrap elementor-element-populated\">\n\t\t\t\t\t\t<div class=\"elementor-element elementor-element-e49eb43 elementor-widget elementor-widget-text-editor\" data-id=\"e49eb43\" data-element_type=\"widget\" data-e-type=\"widget\" data-widget_type=\"text-editor.default\">\n\t\t\t\t<div class=\"elementor-widget-container\">\n\t\t\t\t\t\t\t\t\t<h3><strong>Avec un \u00e9clairage ext\u00e9rieur adapt\u00e9, votre cour, jardin et piscine r\u00e9v\u00e9lera toute sa beaut\u00e9 \u00e0 la tomb\u00e9e de la nuit.<\/strong><\/h3><h3><strong>Chez Maxa Irrigation, nous avons ainsi pour mission de vous aider \u00e0 choisir l\u2019\u00e9quipement adapt\u00e9 pour \u00e9clairer votre propri\u00e9t\u00e9. Nous voulons \u00eatre s\u00fbrs que le syst\u00e8me d\u2019\u00e9clairage que nous vous proposons correspond exactement \u00e0 vos attentes. Nous travaillons avec des syst\u00e8mes d&rsquo;\u00e9clairage de 12V ou des LEDs afin d&rsquo;\u00e9conomiser sur la consommation \u00e9lectrique.<\/strong><\/h3>\t\t\t\t\t\t\t\t<\/div>\n\t\t\t\t<\/div>\n\t\t\t\t<div class=\"elementor-element elementor-element-6b08680 elementor-widget elementor-widget-image\" data-id=\"6b08680\" data-element_type=\"widget\" data-e-type=\"widget\" data-widget_type=\"image.default\">\n\t\t\t\t<div class=\"elementor-widget-container\">\n\t\t\t\t\t\t\t\t\t\t\t\t\t\t\t<img loading=\"lazy\" decoding=\"async\" width=\"856\" height=\"393\" src=\"https:\/\/maxairrigation.ca\/wp-content\/uploads\/2024\/03\/lights.jpg\" class=\"attachment-large size-large wp-image-857\" alt=\"\" srcset=\"https:\/\/maxairrigation.ca\/wp-content\/uploads\/2024\/03\/lights.jpg 856w, https:\/\/maxairrigation.ca\/wp-content\/uploads\/2024\/03\/lights-300x138.jpg 300w, https:\/\/maxairrigation.ca\/wp-content\/uploads\/2024\/03\/lights-768x353.jpg 768w, https:\/\/maxairrigation.ca\/wp-content\/uploads\/2024\/03\/lights-18x8.jpg 18w\" sizes=\"(max-width: 856px) 100vw, 856px\" \/>\t\t\t\t\t\t\t\t\t\t\t\t\t\t\t<\/div>\n\t\t\t\t<\/div>\n\t\t\t\t\t<\/div>\n\t\t<\/div>\n\t\t\t\t\t<\/div>\n\t\t<\/section>\n\t\t\t\t\t<\/div>\n\t\t<\/div>\n\t\t\t\t\t<\/div>\n\t\t<\/section>\n\t\t<div class=\"elementor-element elementor-element-9cbf0f6 e-flex e-con-boxed e-con e-parent\" data-id=\"9cbf0f6\" data-element_type=\"container\" data-e-type=\"container\" data-settings=\"{&quot;background_background&quot;:&quot;classic&quot;}\">\n\t\t\t\t\t<div class=\"e-con-inner\">\n\t\t<div class=\"elementor-element elementor-element-f55ce21 e-con-full e-flex e-con e-child\" data-id=\"f55ce21\" data-element_type=\"container\" data-e-type=\"container\">\n\t\t\t\t<div class=\"elementor-element elementor-element-533113f elementor-widget elementor-widget-image\" data-id=\"533113f\" data-element_type=\"widget\" data-e-type=\"widget\" data-widget_type=\"image.default\">\n\t\t\t\t<div class=\"elementor-widget-container\">\n\t\t\t\t\t\t\t\t\t\t\t\t\t\t\t<img loading=\"lazy\" decoding=\"async\" width=\"622\" height=\"575\" src=\"https:\/\/maxairrigation.ca\/wp-content\/uploads\/2024\/03\/sphere-lights-compress.png\" class=\"attachment-large size-large wp-image-596\" alt=\"Maxa-irrigation-eclairage-DRAIN-FRANCAIS-Laurentides\" srcset=\"https:\/\/maxairrigation.ca\/wp-content\/uploads\/2024\/03\/sphere-lights-compress.png 622w, https:\/\/maxairrigation.ca\/wp-content\/uploads\/2024\/03\/sphere-lights-compress-300x277.png 300w\" sizes=\"(max-width: 622px) 100vw, 622px\" \/>\t\t\t\t\t\t\t\t\t\t\t\t\t\t\t<\/div>\n\t\t\t\t<\/div>\n\t\t\t\t<\/div>\n\t\t<div class=\"elementor-element elementor-element-06a6b2d e-con-full e-flex e-con e-child\" data-id=\"06a6b2d\" data-element_type=\"container\" data-e-type=\"container\">\n\t\t\t\t<div class=\"elementor-element elementor-element-ae1afef elementor-widget elementor-widget-text-editor\" data-id=\"ae1afef\" data-element_type=\"widget\" data-e-type=\"widget\" data-widget_type=\"text-editor.default\">\n\t\t\t\t<div class=\"elementor-widget-container\">\n\t\t\t\t\t\t\t\t\t<p><strong>L&rsquo;\u00e9clairage ext\u00e9rieur est indispensable pour plus de s\u00e9curit\u00e9,\u00a0de confort et dynamisme. Pour \u00e9clairer un jardin, une all\u00e9e, des arbres\u00a0ou des marches, faites appel \u00e0 nos services. Nous vous concevrons un syst\u00e8me d&rsquo;\u00e9clairage ext\u00e9rieur adapt\u00e9 \u00e0 vos besoins et \u00e0 l\u2019ambiance souhait\u00e9e !<\/strong><\/p><p><strong>Vous pouvez aussi\u00a0nous contacter\u00a0pour l\u2019entretien annuel de vos luminaires ext\u00e9rieurs. Une maintenance r\u00e9guli\u00e8re permettra de conserver leurs performances et d\u2019am\u00e9liorer leur durabilit\u00e9<\/strong><\/p><p><strong>Nous desservons toute les Laurentides pour les secteurs:<\/strong><br \/><strong>R\u00c9SIDENTIEL &#8211; COMMERCIAL- INSTITUTIONNEL<\/strong><\/p>\t\t\t\t\t\t\t\t<\/div>\n\t\t\t\t<\/div>\n\t\t\t\t<div class=\"elementor-element elementor-element-f1c82b5 elementor-invisible elementor-widget elementor-widget-text-editor\" data-id=\"f1c82b5\" data-element_type=\"widget\" data-e-type=\"widget\" data-settings=\"{&quot;_animation&quot;:&quot;zoomIn&quot;}\" data-widget_type=\"text-editor.default\">\n\t\t\t\t<div class=\"elementor-widget-container\">\n\t\t\t\t\t\t\t\t\t<h3>CONTACTEZ UN REPR\u00c9SENTANT<br \/>D\u00c8S MAINTENANT!<br \/><a href=\"tel:514-512-4680\">514-512-4680<\/a><\/h3>\t\t\t\t\t\t\t\t<\/div>\n\t\t\t\t<\/div>\n\t\t\t\t<div class=\"elementor-element elementor-element-cd9ec40 elementor-align-center elementor-invisible elementor-widget elementor-widget-button\" data-id=\"cd9ec40\" data-element_type=\"widget\" data-e-type=\"widget\" data-settings=\"{&quot;_animation&quot;:&quot;fadeIn&quot;}\" data-widget_type=\"button.default\">\n\t\t\t\t<div class=\"elementor-widget-container\">\n\t\t\t\t\t\t\t\t\t<div class=\"elementor-button-wrapper\">\n\t\t\t\t\t<a class=\"elementor-button elementor-button-link elementor-size-md\" href=\"https:\/\/maxairrigation.ca\/coordonnees\/\">\n\t\t\t\t\t\t<span class=\"elementor-button-content-wrapper\">\n\t\t\t\t\t\t<span class=\"elementor-button-icon\">\n\t\t\t\t<svg aria-hidden=\"true\" class=\"e-font-icon-svg e-fab-wpforms\" viewBox=\"0 0 448 512\" xmlns=\"http:\/\/www.w3.org\/2000\/svg\"><path d=\"M448 75.2v361.7c0 24.3-19 43.2-43.2 43.2H43.2C19.3 480 0 461.4 0 436.8V75.2C0 51.1 18.8 32 43.2 32h361.7c24 0 43.1 18.8 43.1 43.2zm-37.3 361.6V75.2c0-3-2.6-5.8-5.8-5.8h-9.3L285.3 144 224 94.1 162.8 144 52.5 69.3h-9.3c-3.2 0-5.8 2.8-5.8 5.8v361.7c0 3 2.6 5.8 5.8 5.8h361.7c3.2.1 5.8-2.7 5.8-5.8zM150.2 186v37H76.7v-37h73.5zm0 74.4v37.3H76.7v-37.3h73.5zm11.1-147.3l54-43.7H96.8l64.5 43.7zm210 72.9v37h-196v-37h196zm0 74.4v37.3h-196v-37.3h196zm-84.6-147.3l64.5-43.7H232.8l53.9 43.7zM371.3 335v37.3h-99.4V335h99.4z\"><\/path><\/svg>\t\t\t<\/span>\n\t\t\t\t\t\t\t\t\t<span class=\"elementor-button-text\">ESTIMATION RAPIDE<\/span>\n\t\t\t\t\t<\/span>\n\t\t\t\t\t<\/a>\n\t\t\t\t<\/div>\n\t\t\t\t\t\t\t\t<\/div>\n\t\t\t\t<\/div>\n\t\t\t\t<\/div>\n\t\t\t\t\t<\/div>\n\t\t\t\t<\/div>\n\t\t\t\t<\/div>\n\t\t","protected":false},"excerpt":{"rendered":"<p>\u00c9clairage d&rsquo;ext\u00e9rieur Maxa irrigation saura vous conseiller pour votre \u00e9clairage ext\u00e9rieur afin de rehausser votre propri\u00e9t\u00e9, une solution pour donner une ambiance incroyable ! Installation d&rsquo;\u00e9clairage d&rsquo;ambiance Avec un \u00e9clairage ext\u00e9rieur adapt\u00e9, votre cour, jardin et piscine r\u00e9v\u00e9lera toute sa beaut\u00e9 \u00e0 la tomb\u00e9e de la nuit. Chez Maxa Irrigation, nous avons ainsi pour mission&hellip;&nbsp;<a href=\"https:\/\/maxairrigation.ca\/en\/eclairage-exterieur-residence-laurentides\/\" rel=\"bookmark\">Read More &raquo;<span class=\"screen-reader-text\">eclairage-exterieur-residence-laurentides<\/span><\/a><\/p>","protected":false},"author":1,"featured_media":0,"parent":0,"menu_order":0,"comment_status":"closed","ping_status":"closed","template":"page-templates\/template-pagebuilder-full-width.php","meta":{"om_disable_all_campaigns":false,"_monsterinsights_skip_tracking":false,"_monsterinsights_sitenote_active":false,"_monsterinsights_sitenote_note":"","_monsterinsights_sitenote_category":0,"_uf_show_specific_survey":0,"_uf_disable_surveys":false,"neve_meta_sidebar":"","neve_meta_container":"","neve_meta_enable_content_width":"","neve_meta_content_width":0,"neve_meta_title_alignment":"","neve_meta_author_avatar":"","neve_post_elements_order":"","neve_meta_disable_header":"","neve_meta_disable_footer":"","neve_meta_disable_title":"","neve_meta_reading_time":"","footnotes":""},"class_list":["post-801","page","type-page","status-publish","hentry"],"aioseo_notices":[],"_links":{"self":[{"href":"https:\/\/maxairrigation.ca\/en\/wp-json\/wp\/v2\/pages\/801","targetHints":{"allow":["GET"]}}],"collection":[{"href":"https:\/\/maxairrigation.ca\/en\/wp-json\/wp\/v2\/pages"}],"about":[{"href":"https:\/\/maxairrigation.ca\/en\/wp-json\/wp\/v2\/types\/page"}],"author":[{"embeddable":true,"href":"https:\/\/maxairrigation.ca\/en\/wp-json\/wp\/v2\/users\/1"}],"replies":[{"embeddable":true,"href":"https:\/\/maxairrigation.ca\/en\/wp-json\/wp\/v2\/comments?post=801"}],"version-history":[{"count":76,"href":"https:\/\/maxairrigation.ca\/en\/wp-json\/wp\/v2\/pages\/801\/revisions"}],"predecessor-version":[{"id":1488,"href":"https:\/\/maxairrigation.ca\/en\/wp-json\/wp\/v2\/pages\/801\/revisions\/1488"}],"wp:attachment":[{"href":"https:\/\/maxairrigation.ca\/en\/wp-json\/wp\/v2\/media?parent=801"}],"curies":[{"name":"wp","href":"https:\/\/api.w.org\/{rel}","templated":true}]}}