{"id":1132,"date":"2024-03-19T18:22:56","date_gmt":"2024-03-19T18:22:56","guid":{"rendered":"https:\/\/maxairrigation.ca\/?page_id=1132"},"modified":"2025-12-09T19:24:31","modified_gmt":"2025-12-09T19:24:31","slug":"realisations-irrigation-eclairage-ambiance-laurentides","status":"publish","type":"page","link":"https:\/\/maxairrigation.ca\/en\/realisations-irrigation-eclairage-ambiance-laurentides\/","title":{"rendered":"realisations-irrigation-eclairage-ambiance-laurentides"},"content":{"rendered":"\t\t<div data-elementor-type=\"wp-page\" data-elementor-id=\"1132\" class=\"elementor elementor-1132\">\n\t\t\t\t\t\t<section class=\"elementor-section elementor-top-section elementor-element elementor-element-02523a0 elementor-section-height-min-height elementor-section-boxed elementor-section-height-default elementor-section-items-middle\" data-id=\"02523a0\" data-element_type=\"section\" data-e-type=\"section\" data-settings=\"{&quot;background_background&quot;:&quot;slideshow&quot;,&quot;background_slideshow_gallery&quot;:[{&quot;id&quot;:1200,&quot;url&quot;:&quot;https:\\\/\\\/maxairrigation.ca\\\/wp-content\\\/uploads\\\/2024\\\/03\\\/modern-house.jpeg&quot;}],&quot;background_slideshow_loop&quot;:&quot;yes&quot;,&quot;background_slideshow_slide_duration&quot;:5000,&quot;background_slideshow_slide_transition&quot;:&quot;fade&quot;,&quot;background_slideshow_transition_duration&quot;:500}\">\n\t\t\t\t\t\t\t<div class=\"elementor-background-overlay\"><\/div>\n\t\t\t\t\t\t\t<div class=\"elementor-container elementor-column-gap-default\">\n\t\t\t\t\t<div class=\"elementor-column elementor-col-100 elementor-top-column elementor-element elementor-element-2e22615\" data-id=\"2e22615\" data-element_type=\"column\" data-e-type=\"column\">\n\t\t\t<div class=\"elementor-widget-wrap elementor-element-populated\">\n\t\t\t\t\t\t<div class=\"elementor-element elementor-element-361ad90 elementor-widget elementor-widget-heading\" data-id=\"361ad90\" data-element_type=\"widget\" data-e-type=\"widget\" data-widget_type=\"heading.default\">\n\t\t\t\t<div class=\"elementor-widget-container\">\n\t\t\t\t\t<h2 class=\"elementor-heading-title elementor-size-default\">R\u00e9alisations<\/h2>\t\t\t\t<\/div>\n\t\t\t\t<\/div>\n\t\t\t\t<div class=\"elementor-element elementor-element-648512f elementor-widget elementor-widget-heading\" data-id=\"648512f\" data-element_type=\"widget\" data-e-type=\"widget\" data-widget_type=\"heading.default\">\n\t\t\t\t<div class=\"elementor-widget-container\">\n\t\t\t\t\t<h3 class=\"elementor-heading-title elementor-size-default\">Irrigation \/ \u00c9clairage d'ambiance \/ Nettoyage de drain.<\/h3>\t\t\t\t<\/div>\n\t\t\t\t<\/div>\n\t\t\t\t\t<\/div>\n\t\t<\/div>\n\t\t\t\t\t<\/div>\n\t\t<\/section>\n\t\t<div class=\"elementor-element elementor-element-e961f56 e-flex e-con-boxed e-con e-parent\" data-id=\"e961f56\" data-element_type=\"container\" data-e-type=\"container\" data-settings=\"{&quot;background_background&quot;:&quot;classic&quot;}\">\n\t\t\t\t\t<div class=\"e-con-inner\">\n\t\t<div class=\"elementor-element elementor-element-b7f523b e-flex e-con-boxed e-con e-child\" data-id=\"b7f523b\" data-element_type=\"container\" data-e-type=\"container\" data-settings=\"{&quot;background_background&quot;:&quot;classic&quot;}\">\n\t\t\t\t\t<div class=\"e-con-inner\">\n\t\t\t\t<div class=\"elementor-element elementor-element-bb6901e elementor-invisible elementor-widget elementor-widget-heading\" data-id=\"bb6901e\" data-element_type=\"widget\" data-e-type=\"widget\" data-settings=\"{&quot;_animation&quot;:&quot;zoomIn&quot;}\" data-widget_type=\"heading.default\">\n\t\t\t\t<div class=\"elementor-widget-container\">\n\t\t\t\t\t<h4 class=\"elementor-heading-title elementor-size-default\">Maxa Irrigation c'est la satisfaction de bien servir nos clients, ann\u00e9e apr\u00e8s ann\u00e9e, nous accomplissons une grande vari\u00e9t\u00e9 de projets r\u00e9partis dans les secteurs r\u00e9sidentiel et commercial!<\/h4>\t\t\t\t<\/div>\n\t\t\t\t<\/div>\n\t\t\t\t<div class=\"elementor-element elementor-element-f934059 elementor-invisible elementor-widget elementor-widget-image\" data-id=\"f934059\" data-element_type=\"widget\" data-e-type=\"widget\" data-settings=\"{&quot;_animation&quot;:&quot;zoomIn&quot;}\" data-widget_type=\"image.default\">\n\t\t\t\t<div class=\"elementor-widget-container\">\n\t\t\t\t\t\t\t\t\t\t\t\t\t\t\t<img decoding=\"async\" width=\"294\" height=\"52\" src=\"https:\/\/maxairrigation.ca\/wp-content\/uploads\/2024\/03\/5stars.png\" class=\"attachment-large size-large wp-image-582\" alt=\"Maxa-irrigation-eclairage-DRAIN-FRANCAIS-Laurentides\" \/>\t\t\t\t\t\t\t\t\t\t\t\t\t\t\t<\/div>\n\t\t\t\t<\/div>\n\t\t\t\t<div class=\"elementor-element elementor-element-5d1fecd elementor-widget elementor-widget-spacer\" data-id=\"5d1fecd\" data-element_type=\"widget\" data-e-type=\"widget\" data-widget_type=\"spacer.default\">\n\t\t\t\t<div class=\"elementor-widget-container\">\n\t\t\t\t\t\t\t<div class=\"elementor-spacer\">\n\t\t\t<div class=\"elementor-spacer-inner\"><\/div>\n\t\t<\/div>\n\t\t\t\t\t\t<\/div>\n\t\t\t\t<\/div>\n\t\t\t\t\t<\/div>\n\t\t\t\t<\/div>\n\t\t\t\t\t<\/div>\n\t\t\t\t<\/div>\n\t\t<div class=\"elementor-element elementor-element-ff84af8 e-grid e-con-boxed e-con e-parent\" data-id=\"ff84af8\" data-element_type=\"container\" data-e-type=\"container\">\n\t\t\t\t\t<div class=\"e-con-inner\">\n\t\t\t\t<div class=\"elementor-element elementor-element-8b9d809 elementor-widget elementor-widget-image\" data-id=\"8b9d809\" data-element_type=\"widget\" data-e-type=\"widget\" data-widget_type=\"image.default\">\n\t\t\t\t<div class=\"elementor-widget-container\">\n\t\t\t\t\t\t\t\t\t\t\t\t\t\t\t\t<a href=\"https:\/\/maxairrigation.ca\/wp-content\/uploads\/2024\/03\/condos-compress.jpg\" data-elementor-open-lightbox=\"yes\" data-elementor-lightbox-title=\"Irrigation, R\u00e9sidentiel, condos, maison de ville.\" data-e-action-hash=\"#elementor-action%3Aaction%3Dlightbox%26settings%3DeyJpZCI6NjAzLCJ1cmwiOiJodHRwczpcL1wvbWF4YWlycmlnYXRpb24uY2FcL3dwLWNvbnRlbnRcL3VwbG9hZHNcLzIwMjRcLzAzXC9jb25kb3MtY29tcHJlc3MuanBnIn0%3D\">\n\t\t\t\t\t\t\t<img fetchpriority=\"high\" decoding=\"async\" width=\"826\" height=\"528\" src=\"https:\/\/maxairrigation.ca\/wp-content\/uploads\/2024\/03\/condos-compress.jpg\" class=\"attachment-large size-large wp-image-603\" alt=\"\" srcset=\"https:\/\/maxairrigation.ca\/wp-content\/uploads\/2024\/03\/condos-compress.jpg 826w, https:\/\/maxairrigation.ca\/wp-content\/uploads\/2024\/03\/condos-compress-300x192.jpg 300w, https:\/\/maxairrigation.ca\/wp-content\/uploads\/2024\/03\/condos-compress-768x491.jpg 768w\" sizes=\"(max-width: 826px) 100vw, 826px\" \/>\t\t\t\t\t\t\t\t<\/a>\n\t\t\t\t\t\t\t\t\t\t\t\t\t\t\t<\/div>\n\t\t\t\t<\/div>\n\t\t\t\t<div class=\"elementor-element elementor-element-94d3fb2 elementor-widget elementor-widget-image\" data-id=\"94d3fb2\" data-element_type=\"widget\" data-e-type=\"widget\" data-widget_type=\"image.default\">\n\t\t\t\t<div class=\"elementor-widget-container\">\n\t\t\t\t\t\t\t\t\t\t\t\t\t\t\t\t<a href=\"https:\/\/maxairrigation.ca\/wp-content\/uploads\/2024\/03\/irrigation-04-compress-1.jpg\" data-elementor-open-lightbox=\"yes\" data-elementor-lightbox-title=\"Irrigation, R\u00e9sidentiel, condos, maison de ville.\" data-e-action-hash=\"#elementor-action%3Aaction%3Dlightbox%26settings%3DeyJpZCI6NjA1LCJ1cmwiOiJodHRwczpcL1wvbWF4YWlycmlnYXRpb24uY2FcL3dwLWNvbnRlbnRcL3VwbG9hZHNcLzIwMjRcLzAzXC9pcnJpZ2F0aW9uLTA0LWNvbXByZXNzLTEuanBnIn0%3D\">\n\t\t\t\t\t\t\t<img decoding=\"async\" width=\"826\" height=\"528\" src=\"https:\/\/maxairrigation.ca\/wp-content\/uploads\/2024\/03\/irrigation-04-compress-1.jpg\" class=\"attachment-large size-large wp-image-605\" alt=\"Maxa-irrigation-eclairage-DRAIN-FRANCAIS-Laurentides\" srcset=\"https:\/\/maxairrigation.ca\/wp-content\/uploads\/2024\/03\/irrigation-04-compress-1.jpg 826w, https:\/\/maxairrigation.ca\/wp-content\/uploads\/2024\/03\/irrigation-04-compress-1-300x192.jpg 300w, https:\/\/maxairrigation.ca\/wp-content\/uploads\/2024\/03\/irrigation-04-compress-1-768x491.jpg 768w\" sizes=\"(max-width: 826px) 100vw, 826px\" \/>\t\t\t\t\t\t\t\t<\/a>\n\t\t\t\t\t\t\t\t\t\t\t\t\t\t\t<\/div>\n\t\t\t\t<\/div>\n\t\t\t\t<div class=\"elementor-element elementor-element-5ec58bd elementor-widget elementor-widget-image\" data-id=\"5ec58bd\" data-element_type=\"widget\" data-e-type=\"widget\" data-widget_type=\"image.default\">\n\t\t\t\t<div class=\"elementor-widget-container\">\n\t\t\t\t\t\t\t\t\t\t\t\t\t\t\t\t<a href=\"https:\/\/maxairrigation.ca\/wp-content\/uploads\/2024\/03\/irrig-01-1.jpg\" data-elementor-open-lightbox=\"yes\" data-elementor-lightbox-title=\"Irrigation\" data-e-action-hash=\"#elementor-action%3Aaction%3Dlightbox%26settings%3DeyJpZCI6NzQwLCJ1cmwiOiJodHRwczpcL1wvbWF4YWlycmlnYXRpb24uY2FcL3dwLWNvbnRlbnRcL3VwbG9hZHNcLzIwMjRcLzAzXC9pcnJpZy0wMS0xLmpwZyJ9\">\n\t\t\t\t\t\t\t<img loading=\"lazy\" decoding=\"async\" width=\"802\" height=\"528\" src=\"https:\/\/maxairrigation.ca\/wp-content\/uploads\/2024\/03\/irrig-01-1.jpg\" class=\"attachment-large size-large wp-image-740\" alt=\"Maxa-irrigation-eclairage-DRAIN-FRANCAIS-Laurentides\" srcset=\"https:\/\/maxairrigation.ca\/wp-content\/uploads\/2024\/03\/irrig-01-1.jpg 802w, https:\/\/maxairrigation.ca\/wp-content\/uploads\/2024\/03\/irrig-01-1-300x198.jpg 300w, https:\/\/maxairrigation.ca\/wp-content\/uploads\/2024\/03\/irrig-01-1-768x506.jpg 768w, https:\/\/maxairrigation.ca\/wp-content\/uploads\/2024\/03\/irrig-01-1-18x12.jpg 18w\" sizes=\"(max-width: 802px) 100vw, 802px\" \/>\t\t\t\t\t\t\t\t<\/a>\n\t\t\t\t\t\t\t\t\t\t\t\t\t\t\t<\/div>\n\t\t\t\t<\/div>\n\t\t\t\t<div class=\"elementor-element elementor-element-bf2c096 elementor-widget elementor-widget-image\" data-id=\"bf2c096\" data-element_type=\"widget\" data-e-type=\"widget\" data-widget_type=\"image.default\">\n\t\t\t\t<div class=\"elementor-widget-container\">\n\t\t\t\t\t\t\t\t\t\t\t\t\t\t\t\t<a href=\"https:\/\/maxairrigation.ca\/wp-content\/uploads\/2024\/03\/irrig-03-1.jpg\" data-elementor-open-lightbox=\"yes\" data-elementor-lightbox-title=\"Irrigation commercial\" data-e-action-hash=\"#elementor-action%3Aaction%3Dlightbox%26settings%3DeyJpZCI6NzQxLCJ1cmwiOiJodHRwczpcL1wvbWF4YWlycmlnYXRpb24uY2FcL3dwLWNvbnRlbnRcL3VwbG9hZHNcLzIwMjRcLzAzXC9pcnJpZy0wMy0xLmpwZyJ9\">\n\t\t\t\t\t\t\t<img loading=\"lazy\" decoding=\"async\" width=\"802\" height=\"528\" src=\"https:\/\/maxairrigation.ca\/wp-content\/uploads\/2024\/03\/irrig-03-1.jpg\" class=\"attachment-large size-large wp-image-741\" alt=\"Maxa-irrigation-eclairage-DRAIN-FRANCAIS-Laurentides\" srcset=\"https:\/\/maxairrigation.ca\/wp-content\/uploads\/2024\/03\/irrig-03-1.jpg 802w, https:\/\/maxairrigation.ca\/wp-content\/uploads\/2024\/03\/irrig-03-1-300x198.jpg 300w, https:\/\/maxairrigation.ca\/wp-content\/uploads\/2024\/03\/irrig-03-1-768x506.jpg 768w, https:\/\/maxairrigation.ca\/wp-content\/uploads\/2024\/03\/irrig-03-1-18x12.jpg 18w\" sizes=\"(max-width: 802px) 100vw, 802px\" \/>\t\t\t\t\t\t\t\t<\/a>\n\t\t\t\t\t\t\t\t\t\t\t\t\t\t\t<\/div>\n\t\t\t\t<\/div>\n\t\t\t\t\t<\/div>\n\t\t\t\t<\/div>\n\t\t<div class=\"elementor-element elementor-element-8c0ffa5 e-grid e-con-boxed e-con e-parent\" data-id=\"8c0ffa5\" data-element_type=\"container\" data-e-type=\"container\">\n\t\t\t\t\t<div class=\"e-con-inner\">\n\t\t\t\t<div class=\"elementor-element elementor-element-d0896c9 elementor-widget elementor-widget-image\" data-id=\"d0896c9\" data-element_type=\"widget\" data-e-type=\"widget\" data-widget_type=\"image.default\">\n\t\t\t\t<div class=\"elementor-widget-container\">\n\t\t\t\t\t\t\t\t\t\t\t\t\t\t\t\t<a href=\"https:\/\/maxairrigation.ca\/wp-content\/uploads\/2024\/03\/eclairage-03.jpg\" data-elementor-open-lightbox=\"yes\" data-elementor-lightbox-title=\"Irrigation et \u00e9clairage r\u00e9sidentiel\" data-e-action-hash=\"#elementor-action%3Aaction%3Dlightbox%26settings%3DeyJpZCI6ODM1LCJ1cmwiOiJodHRwczpcL1wvbWF4YWlycmlnYXRpb24uY2FcL3dwLWNvbnRlbnRcL3VwbG9hZHNcLzIwMjRcLzAzXC9lY2xhaXJhZ2UtMDMuanBnIn0%3D\">\n\t\t\t\t\t\t\t<img loading=\"lazy\" decoding=\"async\" width=\"802\" height=\"528\" src=\"https:\/\/maxairrigation.ca\/wp-content\/uploads\/2024\/03\/eclairage-03.jpg\" class=\"attachment-large size-large wp-image-835\" alt=\"Maxa-irrigation-eclairage-DRAIN-FRANCAIS-Laurentides\" srcset=\"https:\/\/maxairrigation.ca\/wp-content\/uploads\/2024\/03\/eclairage-03.jpg 802w, https:\/\/maxairrigation.ca\/wp-content\/uploads\/2024\/03\/eclairage-03-300x198.jpg 300w, https:\/\/maxairrigation.ca\/wp-content\/uploads\/2024\/03\/eclairage-03-768x506.jpg 768w, https:\/\/maxairrigation.ca\/wp-content\/uploads\/2024\/03\/eclairage-03-18x12.jpg 18w\" sizes=\"(max-width: 802px) 100vw, 802px\" \/>\t\t\t\t\t\t\t\t<\/a>\n\t\t\t\t\t\t\t\t\t\t\t\t\t\t\t<\/div>\n\t\t\t\t<\/div>\n\t\t\t\t<div class=\"elementor-element elementor-element-ce0a6b2 elementor-widget elementor-widget-image\" data-id=\"ce0a6b2\" data-element_type=\"widget\" data-e-type=\"widget\" data-widget_type=\"image.default\">\n\t\t\t\t<div class=\"elementor-widget-container\">\n\t\t\t\t\t\t\t\t\t\t\t\t\t\t\t\t<a href=\"https:\/\/maxairrigation.ca\/wp-content\/uploads\/2024\/03\/eclairage-01.jpg\" data-elementor-open-lightbox=\"yes\" data-elementor-lightbox-title=\"Irrigation et \u00e9clairage r\u00e9sidentiel\" data-e-action-hash=\"#elementor-action%3Aaction%3Dlightbox%26settings%3DeyJpZCI6ODI4LCJ1cmwiOiJodHRwczpcL1wvbWF4YWlycmlnYXRpb24uY2FcL3dwLWNvbnRlbnRcL3VwbG9hZHNcLzIwMjRcLzAzXC9lY2xhaXJhZ2UtMDEuanBnIn0%3D\">\n\t\t\t\t\t\t\t<img loading=\"lazy\" decoding=\"async\" width=\"802\" height=\"528\" src=\"https:\/\/maxairrigation.ca\/wp-content\/uploads\/2024\/03\/eclairage-01.jpg\" class=\"attachment-large size-large wp-image-828\" alt=\"Maxa-irrigation-eclairage-DRAIN-FRANCAIS-Laurentides\" srcset=\"https:\/\/maxairrigation.ca\/wp-content\/uploads\/2024\/03\/eclairage-01.jpg 802w, https:\/\/maxairrigation.ca\/wp-content\/uploads\/2024\/03\/eclairage-01-300x198.jpg 300w, https:\/\/maxairrigation.ca\/wp-content\/uploads\/2024\/03\/eclairage-01-768x506.jpg 768w, https:\/\/maxairrigation.ca\/wp-content\/uploads\/2024\/03\/eclairage-01-18x12.jpg 18w\" sizes=\"(max-width: 802px) 100vw, 802px\" \/>\t\t\t\t\t\t\t\t<\/a>\n\t\t\t\t\t\t\t\t\t\t\t\t\t\t\t<\/div>\n\t\t\t\t<\/div>\n\t\t\t\t<div class=\"elementor-element elementor-element-80b1653 elementor-widget elementor-widget-image\" data-id=\"80b1653\" data-element_type=\"widget\" data-e-type=\"widget\" data-widget_type=\"image.default\">\n\t\t\t\t<div class=\"elementor-widget-container\">\n\t\t\t\t\t\t\t\t\t\t\t\t\t\t\t\t<a href=\"https:\/\/maxairrigation.ca\/wp-content\/uploads\/2024\/03\/eclairage-02.jpg\" data-elementor-open-lightbox=\"yes\" data-elementor-lightbox-title=\"Irrigation et \u00e9clairage r\u00e9sidentiel\" data-e-action-hash=\"#elementor-action%3Aaction%3Dlightbox%26settings%3DeyJpZCI6ODI5LCJ1cmwiOiJodHRwczpcL1wvbWF4YWlycmlnYXRpb24uY2FcL3dwLWNvbnRlbnRcL3VwbG9hZHNcLzIwMjRcLzAzXC9lY2xhaXJhZ2UtMDIuanBnIn0%3D\">\n\t\t\t\t\t\t\t<img loading=\"lazy\" decoding=\"async\" width=\"802\" height=\"528\" src=\"https:\/\/maxairrigation.ca\/wp-content\/uploads\/2024\/03\/eclairage-02.jpg\" class=\"attachment-large size-large wp-image-829\" alt=\"Maxa-irrigation-eclairage-DRAIN-FRANCAIS-Laurentides\" srcset=\"https:\/\/maxairrigation.ca\/wp-content\/uploads\/2024\/03\/eclairage-02.jpg 802w, https:\/\/maxairrigation.ca\/wp-content\/uploads\/2024\/03\/eclairage-02-300x198.jpg 300w, https:\/\/maxairrigation.ca\/wp-content\/uploads\/2024\/03\/eclairage-02-768x506.jpg 768w, https:\/\/maxairrigation.ca\/wp-content\/uploads\/2024\/03\/eclairage-02-18x12.jpg 18w\" sizes=\"(max-width: 802px) 100vw, 802px\" \/>\t\t\t\t\t\t\t\t<\/a>\n\t\t\t\t\t\t\t\t\t\t\t\t\t\t\t<\/div>\n\t\t\t\t<\/div>\n\t\t\t\t<div class=\"elementor-element elementor-element-0784a29 elementor-widget elementor-widget-image\" data-id=\"0784a29\" data-element_type=\"widget\" data-e-type=\"widget\" data-widget_type=\"image.default\">\n\t\t\t\t<div class=\"elementor-widget-container\">\n\t\t\t\t\t\t\t\t\t\t\t\t\t\t\t\t<a href=\"https:\/\/maxairrigation.ca\/wp-content\/uploads\/2024\/03\/residence-compress.jpg\" data-elementor-open-lightbox=\"yes\" data-elementor-lightbox-title=\"Irrigation et pose de tourbe\" data-e-action-hash=\"#elementor-action%3Aaction%3Dlightbox%26settings%3DeyJpZCI6NjA0LCJ1cmwiOiJodHRwczpcL1wvbWF4YWlycmlnYXRpb24uY2FcL3dwLWNvbnRlbnRcL3VwbG9hZHNcLzIwMjRcLzAzXC9yZXNpZGVuY2UtY29tcHJlc3MuanBnIn0%3D\">\n\t\t\t\t\t\t\t<img loading=\"lazy\" decoding=\"async\" width=\"826\" height=\"528\" src=\"https:\/\/maxairrigation.ca\/wp-content\/uploads\/2024\/03\/residence-compress.jpg\" class=\"attachment-large size-large wp-image-604\" alt=\"Maxa-irrigation-eclairage-DRAIN-FRANCAIS-Laurentides\" srcset=\"https:\/\/maxairrigation.ca\/wp-content\/uploads\/2024\/03\/residence-compress.jpg 826w, https:\/\/maxairrigation.ca\/wp-content\/uploads\/2024\/03\/residence-compress-300x192.jpg 300w, https:\/\/maxairrigation.ca\/wp-content\/uploads\/2024\/03\/residence-compress-768x491.jpg 768w\" sizes=\"(max-width: 826px) 100vw, 826px\" \/>\t\t\t\t\t\t\t\t<\/a>\n\t\t\t\t\t\t\t\t\t\t\t\t\t\t\t<\/div>\n\t\t\t\t<\/div>\n\t\t\t\t<div class=\"elementor-element elementor-element-811dd90 elementor-widget elementor-widget-image\" data-id=\"811dd90\" data-element_type=\"widget\" data-e-type=\"widget\" data-widget_type=\"image.default\">\n\t\t\t\t<div class=\"elementor-widget-container\">\n\t\t\t\t\t\t\t\t\t\t\t\t\t\t\t\t<a href=\"https:\/\/maxairrigation.ca\/wp-content\/uploads\/2024\/03\/camera-2.jpg\" data-elementor-open-lightbox=\"yes\" data-elementor-lightbox-title=\"Maxi Pression inspection par cam\u00e9ra  drain\" data-e-action-hash=\"#elementor-action%3Aaction%3Dlightbox%26settings%3DeyJpZCI6OTE1LCJ1cmwiOiJodHRwczpcL1wvbWF4YWlycmlnYXRpb24uY2FcL3dwLWNvbnRlbnRcL3VwbG9hZHNcLzIwMjRcLzAzXC9jYW1lcmEtMi5qcGcifQ%3D%3D\">\n\t\t\t\t\t\t\t<img loading=\"lazy\" decoding=\"async\" width=\"800\" height=\"533\" src=\"https:\/\/maxairrigation.ca\/wp-content\/uploads\/2024\/03\/camera-2.jpg\" class=\"attachment-large size-large wp-image-915\" alt=\"Maxa-irrigation-eclairage-DRAIN-FRANCAIS-Laurentides\" srcset=\"https:\/\/maxairrigation.ca\/wp-content\/uploads\/2024\/03\/camera-2.jpg 800w, https:\/\/maxairrigation.ca\/wp-content\/uploads\/2024\/03\/camera-2-300x200.jpg 300w, https:\/\/maxairrigation.ca\/wp-content\/uploads\/2024\/03\/camera-2-768x512.jpg 768w, https:\/\/maxairrigation.ca\/wp-content\/uploads\/2024\/03\/camera-2-18x12.jpg 18w\" sizes=\"(max-width: 800px) 100vw, 800px\" \/>\t\t\t\t\t\t\t\t<\/a>\n\t\t\t\t\t\t\t\t\t\t\t\t\t\t\t<\/div>\n\t\t\t\t<\/div>\n\t\t\t\t<div class=\"elementor-element elementor-element-af211a3 elementor-widget elementor-widget-image\" data-id=\"af211a3\" data-element_type=\"widget\" data-e-type=\"widget\" data-widget_type=\"image.default\">\n\t\t\t\t<div class=\"elementor-widget-container\">\n\t\t\t\t\t\t\t\t\t\t\t\t\t\t\t\t<a href=\"https:\/\/maxairrigation.ca\/wp-content\/uploads\/2024\/03\/drain-03.jpg\" data-elementor-open-lightbox=\"yes\" data-elementor-lightbox-title=\"Maxi Pression nettoyage de drain Fran\u00e7ais\" data-e-action-hash=\"#elementor-action%3Aaction%3Dlightbox%26settings%3DeyJpZCI6OTE2LCJ1cmwiOiJodHRwczpcL1wvbWF4YWlycmlnYXRpb24uY2FcL3dwLWNvbnRlbnRcL3VwbG9hZHNcLzIwMjRcLzAzXC9kcmFpbi0wMy5qcGcifQ%3D%3D\">\n\t\t\t\t\t\t\t<img loading=\"lazy\" decoding=\"async\" width=\"802\" height=\"528\" src=\"https:\/\/maxairrigation.ca\/wp-content\/uploads\/2024\/03\/drain-03.jpg\" class=\"attachment-large size-large wp-image-916\" alt=\"Maxa-irrigation-eclairage-DRAIN-FRANCAIS-Laurentides\" srcset=\"https:\/\/maxairrigation.ca\/wp-content\/uploads\/2024\/03\/drain-03.jpg 802w, https:\/\/maxairrigation.ca\/wp-content\/uploads\/2024\/03\/drain-03-300x198.jpg 300w, https:\/\/maxairrigation.ca\/wp-content\/uploads\/2024\/03\/drain-03-768x506.jpg 768w, https:\/\/maxairrigation.ca\/wp-content\/uploads\/2024\/03\/drain-03-18x12.jpg 18w\" sizes=\"(max-width: 802px) 100vw, 802px\" \/>\t\t\t\t\t\t\t\t<\/a>\n\t\t\t\t\t\t\t\t\t\t\t\t\t\t\t<\/div>\n\t\t\t\t<\/div>\n\t\t\t\t\t<\/div>\n\t\t\t\t<\/div>\n\t\t<div class=\"elementor-element elementor-element-bf41851 e-flex e-con-boxed e-con e-parent\" data-id=\"bf41851\" data-element_type=\"container\" data-e-type=\"container\">\n\t\t\t\t\t<div class=\"e-con-inner\">\n\t\t\t\t<div class=\"elementor-element elementor-element-8746545 elementor-widget elementor-widget-image\" data-id=\"8746545\" data-element_type=\"widget\" data-e-type=\"widget\" data-widget_type=\"image.default\">\n\t\t\t\t<div class=\"elementor-widget-container\">\n\t\t\t\t\t\t\t\t\t\t\t\t\t\t\t<img loading=\"lazy\" decoding=\"async\" width=\"1024\" height=\"103\" src=\"https:\/\/maxairrigation.ca\/wp-content\/uploads\/2024\/03\/logos-maxa2-1024x103.jpg\" class=\"attachment-large size-large wp-image-612\" alt=\"Maxa-irrigation-eclairage-DRAIN-FRANCAIS-Laurentides\" srcset=\"https:\/\/maxairrigation.ca\/wp-content\/uploads\/2024\/03\/logos-maxa2-1024x103.jpg 1024w, https:\/\/maxairrigation.ca\/wp-content\/uploads\/2024\/03\/logos-maxa2-300x30.jpg 300w, https:\/\/maxairrigation.ca\/wp-content\/uploads\/2024\/03\/logos-maxa2-768x77.jpg 768w, https:\/\/maxairrigation.ca\/wp-content\/uploads\/2024\/03\/logos-maxa2-1536x155.jpg 1536w, https:\/\/maxairrigation.ca\/wp-content\/uploads\/2024\/03\/logos-maxa2.jpg 1606w\" sizes=\"(max-width: 1024px) 100vw, 1024px\" \/>\t\t\t\t\t\t\t\t\t\t\t\t\t\t\t<\/div>\n\t\t\t\t<\/div>\n\t\t\t\t\t<\/div>\n\t\t\t\t<\/div>\n\t\t\t\t<\/div>\n\t\t","protected":false},"excerpt":{"rendered":"<p>R\u00e9alisations Irrigation \/ \u00c9clairage d&rsquo;ambiance \/ Nettoyage de drain. Maxa Irrigation c&rsquo;est la satisfaction de bien servir nos clients, ann\u00e9e apr\u00e8s ann\u00e9e, nous accomplissons une grande vari\u00e9t\u00e9 de projets r\u00e9partis dans les secteurs r\u00e9sidentiel et commercial!<\/p>","protected":false},"author":1,"featured_media":0,"parent":0,"menu_order":0,"comment_status":"closed","ping_status":"closed","template":"page-templates\/template-pagebuilder-full-width.php","meta":{"om_disable_all_campaigns":false,"_monsterinsights_skip_tracking":false,"_monsterinsights_sitenote_active":false,"_monsterinsights_sitenote_note":"","_monsterinsights_sitenote_category":0,"_uf_show_specific_survey":0,"_uf_disable_surveys":false,"neve_meta_sidebar":"","neve_meta_container":"","neve_meta_enable_content_width":"","neve_meta_content_width":0,"neve_meta_title_alignment":"","neve_meta_author_avatar":"","neve_post_elements_order":"","neve_meta_disable_header":"","neve_meta_disable_footer":"","neve_meta_disable_title":"","neve_meta_reading_time":"","footnotes":""},"class_list":["post-1132","page","type-page","status-publish","hentry"],"aioseo_notices":[],"_links":{"self":[{"href":"https:\/\/maxairrigation.ca\/en\/wp-json\/wp\/v2\/pages\/1132","targetHints":{"allow":["GET"]}}],"collection":[{"href":"https:\/\/maxairrigation.ca\/en\/wp-json\/wp\/v2\/pages"}],"about":[{"href":"https:\/\/maxairrigation.ca\/en\/wp-json\/wp\/v2\/types\/page"}],"author":[{"embeddable":true,"href":"https:\/\/maxairrigation.ca\/en\/wp-json\/wp\/v2\/users\/1"}],"replies":[{"embeddable":true,"href":"https:\/\/maxairrigation.ca\/en\/wp-json\/wp\/v2\/comments?post=1132"}],"version-history":[{"count":100,"href":"https:\/\/maxairrigation.ca\/en\/wp-json\/wp\/v2\/pages\/1132\/revisions"}],"predecessor-version":[{"id":1477,"href":"https:\/\/maxairrigation.ca\/en\/wp-json\/wp\/v2\/pages\/1132\/revisions\/1477"}],"wp:attachment":[{"href":"https:\/\/maxairrigation.ca\/en\/wp-json\/wp\/v2\/media?parent=1132"}],"curies":[{"name":"wp","href":"https:\/\/api.w.org\/{rel}","templated":true}]}}